{"id":529,"date":"2025-09-11T14:38:00","date_gmt":"2025-09-11T12:38:00","guid":{"rendered":"https:\/\/sud-arcano.com\/?page_id=529"},"modified":"2025-09-11T14:43:42","modified_gmt":"2025-09-11T12:43:42","slug":"aviso-y-politica-de-cookies","status":"publish","type":"page","link":"https:\/\/sud-arcano.com\/en\/aviso-y-politica-de-cookies\/","title":{"rendered":"Cookie Policy and Notice"},"content":{"rendered":"<div data-elementor-type=\"wp-page\" data-elementor-id=\"529\" class=\"elementor elementor-529\" data-elementor-post-type=\"page\">\n\t\t\t\t<div class=\"elementor-element elementor-element-bf4652e e-flex e-con-boxed e-con e-parent\" data-id=\"bf4652e\" data-element_type=\"container\" data-e-type=\"container\" data-settings=\"{&quot;background_background&quot;:&quot;classic&quot;}\">\n\t\t\t\t\t<div class=\"e-con-inner\">\n\t\t\t\t<div class=\"elementor-element elementor-element-57522a2 elementor-widget elementor-widget-heading\" data-id=\"57522a2\" data-element_type=\"widget\" data-e-type=\"widget\" data-widget_type=\"heading.default\">\n\t\t\t\t\t<h2 class=\"elementor-heading-title elementor-size-default\">Aviso y Poli\u0301tica de Cookies<\/h2>\t\t\t\t<\/div>\n\t\t\t\t<div class=\"elementor-element elementor-element-9ffc36e elementor-widget__width-initial elementor-widget elementor-widget-heading\" data-id=\"9ffc36e\" data-element_type=\"widget\" data-e-type=\"widget\" data-widget_type=\"heading.default\">\n\t\t\t\t\t<h2 class=\"elementor-heading-title elementor-size-default\">AVISO \/ BANNER \/ POP-UP\n\n<\/h2>\t\t\t\t<\/div>\n\t\t\t\t<div class=\"elementor-element elementor-element-ed7a204 elementor-widget__width-initial elementor-widget elementor-widget-text-editor\" data-id=\"ed7a204\" data-element_type=\"widget\" data-e-type=\"widget\" data-widget_type=\"text-editor.default\">\n\t\t\t\t\t\t\t\t\t<p><\/p><p><strong style=\"font-family: -apple-system, BlinkMacSystemFont, 'Segoe UI', Roboto, 'Helvetica Neue', Arial, 'Noto Sans', sans-serif, 'Apple Color Emoji', 'Segoe UI Emoji', 'Segoe UI Symbol', 'Noto Color Emoji'; font-size: 1rem;\">Aviso de Cookies<\/strong><\/p><p>ARCANO utiliza cookies propias y de terceros para permitir la navegaci\u00f3n y analizar nuestros servicios, as\u00ed como para fines anal\u00edticos de los datos de navegaci\u00f3n. Estos an\u00e1lisis pueden ser compartidos con terceros.<\/p><p>Puedes aceptar todo el uso de las cookies pinchando en el bot\u00f3n \u201cAceptar\u201d o rechazar todo el uso de cookies pinchando en el bot\u00f3n \u201cRechazar\u201d. Asimismo, puedes configurar y guardar tus preferencias de cookies en el bot\u00f3n \u201cConfigurar\u201d. Puedes obtener m\u00e1s informaci\u00f3n sobre el uso de cookies y tus derechos en nuestra <u>Pol\u00edtica de Cookies<\/u>.<\/p><p><strong>Aceptar \/Rechazar\/ Configurar<\/strong><\/p><div><p><\/p><\/div>\t\t\t\t\t\t\t\t<\/div>\n\t\t\t\t<div class=\"elementor-element elementor-element-79ae7e1 elementor-widget__width-initial elementor-widget elementor-widget-heading\" data-id=\"79ae7e1\" data-element_type=\"widget\" data-e-type=\"widget\" data-widget_type=\"heading.default\">\n\t\t\t\t\t<h2 class=\"elementor-heading-title elementor-size-default\">POL\u00cdTICA DE COOKIES\n\n<\/h2>\t\t\t\t<\/div>\n\t\t\t\t<div class=\"elementor-element elementor-element-cf6658b elementor-widget__width-initial elementor-widget elementor-widget-text-editor\" data-id=\"cf6658b\" data-element_type=\"widget\" data-e-type=\"widget\" data-widget_type=\"text-editor.default\">\n\t\t\t\t\t\t\t\t\t<p><\/p>\n<p>1.<strong style=\"background-color: transparent; font-family: -apple-system, BlinkMacSystemFont, 'Segoe UI', Roboto, 'Helvetica Neue', Arial, 'Noto Sans', sans-serif, 'Apple Color Emoji', 'Segoe UI Emoji', 'Segoe UI Symbol', 'Noto Color Emoji';\"> INFORMACI\u00d3N GENERAL<\/strong><\/p>\n<div>\n<p>A continuaci\u00f3n, se ofrece al Usuario informaci\u00f3n general sobre qu\u00e9 son las cookies y qu\u00e9 tipos de cookies existen.<\/p>\n<p><\/p>\n<p><strong>\u00bfQu\u00e9 son las cookies?<\/strong><\/p>\n<p>Las cookies y otros dispositivos similares, como p\u00edxeles, web bugs, etc. son archivos de texto o imagen que se instalan en el navegador del usuario cuando este accede a un servicio online.<\/p>\n<p>Las cookies permiten, entre otras cosas, almacenar y recuperar informaci\u00f3n sobre el usuario, su navegador, sus dispositivos y la actividad del usuario en el servicio al que se conecta.<\/p>\n<p><\/p>\n<p><strong>\u00bfQu\u00e9 tipos de cookies existen?<\/strong><\/p>\n<p>Existen muchos tipos de cookies. A continuaci\u00f3n, ofrecemos al usuario algunas clasificaciones de las mismas, sin que ello implique necesariamente que este servicio utiliza todos estos tipos de cookies:<\/p>\n<p><b style=\"background-color: transparent; font-family: -apple-system, BlinkMacSystemFont, 'Segoe UI', Roboto, 'Helvetica Neue', Arial, 'Noto Sans', sans-serif, 'Apple Color Emoji', 'Segoe UI Emoji', 'Segoe UI Symbol', 'Noto Color Emoji';\">1. Seg\u00fan la entidad que gestiona las cookies:<\/b><\/p>\n<ul>\n<li><u><b>Cookies propias:<\/b><\/u> son aqu\u00e9llas que se env\u00edan al dispositivo o terminal del usuario desde el equipo o dominio perteneciente al titular de un servicio, y gestionadas por \u00e9ste.<\/li>\n<li><b><u>Cookies de terceros<\/u>:<\/b> son aqu\u00e9llas que son enviadas al dispositivo o terminal del usuario desde un equipo o dominio que no es gestionado por el titular de un servicio, sino por un tercero que tratar\u00e1 la informaci\u00f3n obtenida a trav\u00e9s de las cookies.<\/li>\n<\/ul>\n<div>&nbsp;<\/div>\n<div><b><span style=\"background-color: transparent; font-family: -apple-system, BlinkMacSystemFont, 'Segoe UI', Roboto, 'Helvetica Neue', Arial, 'Noto Sans', sans-serif, 'Apple Color Emoji', 'Segoe UI Emoji', 'Segoe UI Symbol', 'Noto Color Emoji';\">2.&nbsp;<\/span><span style=\"background-color: transparent; font-family: -apple-system, BlinkMacSystemFont, 'Segoe UI', Roboto, 'Helvetica Neue', Arial, 'Noto Sans', sans-serif, 'Apple Color Emoji', 'Segoe UI Emoji', 'Segoe UI Symbol', 'Noto Color Emoji';\">Seg\u00fan el tiempo de conservaci\u00f3n:<\/span><\/b><\/div>\n<div><b><span style=\"background-color: transparent; font-family: -apple-system, BlinkMacSystemFont, 'Segoe UI', Roboto, 'Helvetica Neue', Arial, 'Noto Sans', sans-serif, 'Apple Color Emoji', 'Segoe UI Emoji', 'Segoe UI Symbol', 'Noto Color Emoji';\">&nbsp;<\/span><\/b><\/div>\n<ul>\n<li><b style=\"background-color: transparent; font-family: -apple-system, BlinkMacSystemFont, 'Segoe UI', Roboto, 'Helvetica Neue', Arial, 'Noto Sans', sans-serif, 'Apple Color Emoji', 'Segoe UI Emoji', 'Segoe UI Symbol', 'Noto Color Emoji';\"><u>Cookies de sesi\u00f3n<\/u>:<\/b><span style=\"background-color: transparent; font-family: -apple-system, BlinkMacSystemFont, 'Segoe UI', Roboto, 'Helvetica Neue', Arial, 'Noto Sans', sans-serif, 'Apple Color Emoji', 'Segoe UI Emoji', 'Segoe UI Symbol', 'Noto Color Emoji';\"> son aqu\u00e9llas que recaban y almacenan los datos cuando el usuario accede a un servicio y cesan una vez que el usuario sale de \u00e9sta.<\/span><\/li>\n<li><u><b>Cookies persistentes<\/b><\/u>: son aqu\u00e9llas que tienen una duraci\u00f3n determinada en el tiempo por el responsable del servicio. El tiempo de conservaci\u00f3n puede variar entre unos minutos a varios a\u00f1os. Se utilizan para guardar y recuperar ciertos par\u00e1metros cada vez que el usuario visite un servicio.<\/li>\n<\/ul>\n<div>&nbsp;<\/div>\n<p><b style=\"background-color: transparent; font-family: -apple-system, BlinkMacSystemFont, 'Segoe UI', Roboto, 'Helvetica Neue', Arial, 'Noto Sans', sans-serif, 'Apple Color Emoji', 'Segoe UI Emoji', 'Segoe UI Symbol', 'Noto Color Emoji';\">3. Seg\u00fan su finalidad:<\/b><\/p>\n<ul>\n<li><u><b>Cookies t\u00e9cnicas<\/b><\/u>: son aqu\u00e9llas imprescindibles y estrictamente necesarias para el correcto funcionamiento, uso de las diferentes opciones o servicios ofrecidos por los responsables del mismo. Por ejemplo, las que sirven para el mantenimiento de la sesi\u00f3n, la gesti\u00f3n del tiempo de respuesta, rendimiento o validaci\u00f3n de opciones, utilizar elementos de seguridad, etc.<\/li>\n<li><u><b>Cookies de personalizaci\u00f3n<\/b><\/u>: son aqu\u00e9llas que permiten que el usuario pueda especificar o personalizar algunas caracter\u00edsticas de un servicio. Por ejemplo, definir el idioma, configuraci\u00f3n regional o tipo de navegador.<\/li>\n<li><b><u>Cookies anal\u00edticas<\/u>:<\/b> son aqu\u00e9llas que permiten contar el n\u00famero de visitantes \u00fanicos y realizar un an\u00e1lisis del uso de un servicio para medir el inter\u00e9s de \u00e9ste o de determinadas \u00e1reas del mismo. Por ejemplo, mediante una cookie anal\u00edtica se controlar\u00edan las \u00e1reas geogr\u00e1ficas desde donde se conectan mayores porcentajes de usuarios, cu\u00e1l es el producto o servicio de m\u00e1s aceptaci\u00f3n, etc.<\/li>\n<li><u><b>Cookies publicitarias<\/b><\/u>: son aqu\u00e9llas que permiten la gesti\u00f3n de los espacios publicitarios en un servicio.<\/li>\n<li><b><u>Cookies de publicidad comportamental<\/u>:<\/b> son aqu\u00e9llas que permiten la gesti\u00f3n de espacios publicitarios en un servicio. La funci\u00f3n de estas cookies es almacenar informaci\u00f3n del comportamiento de los usuarios de un servicio, para posteriormente mostrar publicidad personalizada.<\/li>\n<\/ul>\n<div>&nbsp;<\/div>\n<p><b style=\"background-color: transparent; font-family: -apple-system, BlinkMacSystemFont, 'Segoe UI', Roboto, 'Helvetica Neue', Arial, 'Noto Sans', sans-serif, 'Apple Color Emoji', 'Segoe UI Emoji', 'Segoe UI Symbol', 'Noto Color Emoji';\">4. Otras tecnolog\u00edas:<\/b><\/p>\n<ul>\n<li><u><b>Pixeles, web bugs o trackers<\/b><\/u>: tambi\u00e9n conocidos como p\u00edxeles de rastreo, tracking pixel, pixel tag o p\u00edxeles de conversi\u00f3n, web beacons o balizas web. Son diminutas im\u00e1genes de 1&#215;1 p\u00edxeles transparentes que se insertan en un servicio a fin de realizar mediciones de actividad. Una vez que determinada p\u00e1gina del servicio se carga en un navegador, dicha imagen se cargar\u00e1, pudiendo este dato ser medido. Los p\u00edxeles de seguimiento permiten, generalmente, conocer el recorrido que ha realizado una determinada IP de usuario en un servicio online.<\/li>\n<li><b><u>Almacenamiento HTML5<\/u>:<\/b> consiste en aprovechar las capacidades de la tecnolog\u00eda HTML5 para almacenar en el navegador del usuario determinados par\u00e1metros que pueden ser utilizados para identificar el navegador del mismo.<\/li>\n<li><u><b>Objetos locales compartidos (LSO):<\/b><\/u> tambi\u00e9n conocidos como \u201cflash cookies\u201d, consiste en el almacenamiento de informaci\u00f3n sin cookies en el equipo del usuario, aprovechando la tecnolog\u00eda Adobe Flash Player.<\/li>\n<li><u><b>Etags:<\/b><\/u> se trata de un mecanismo del protocolo HTTP que permite la validaci\u00f3n del cach\u00e9 que el usuario guarda en su navegador de una web. Esta tecnolog\u00eda se usa principalmente para ahorrar ancho de banda, evitando descarga de contenidos por duplicado. No obstante, tambi\u00e9n es posible utilizarla para reconocer el navegador del usuario.<\/li>\n<li><u><b>Canvas fingerprinting:<\/b><\/u> consiste en la generaci\u00f3n de una forma \u00fanica en el navegador del usuario aprovechando la tecnolog\u00eda del est\u00e1ndar web HTML5 para identificar el equipo del usuario.<\/li>\n<li><u><b>Detecci\u00f3n de fuentes:<\/b><\/u> esta t\u00e9cnica consiste en identificar la configuraci\u00f3n de fuentes del equipo del usuario para obtener una identificaci\u00f3n \u00fanica del equipo.<\/li>\n<li><b><u>Cach\u00e9 del navegador:<\/u> <\/b>como su propio nombre indica, esta t\u00e9cnica consiste en el almacenaje de informaci\u00f3n en el cach\u00e9 del navegador.<\/li>\n<li><u><b>WebGL:<\/b><\/u> esta t\u00e9cnica permite aprovechar las capacidades para representar figuras en tres dimensiones de los navegadores modernos para obtener una identificaci\u00f3n \u00fanica del equipo, debido a las diferentes configuraciones de cada uno.<\/li>\n<\/ul>\n<div>&nbsp;<\/div>\n<div>&nbsp;<\/div>\n<div><b> 2. INFORMACI\u00d3N ESPEC\u00cdFICA<\/b><\/div>\n<div>&nbsp;<\/div>\n<p><strong>\u00bfQui\u00e9n es el responsable de este servicio?<\/strong><\/p>\n<p>Este Servicio es responsabilidad de Arcano Capital SGIIC, S.A.U., (en adelante, \u201cARCANO\u201d o \u201cla entidad\u201d) sociedad perteneciente al \u201cGrupo Arcano Partners\u201d, con domicilio social en C\/ JOS\u00c9 ORTEGA Y GASSET, 29 &#8211; 4\u00aa PLANTA 28006 MADRID (provincia de MADRID) y con NIF A-84561919.&nbsp; La empresa consta inscrita en la Comisi\u00f3n Nacional del Mercado de Valores (\u201cCNMV\u201d) con fecha 6 de marzo de 2015 con el n\u00famero 240.<\/p>\n<p><\/p>\n<p><strong>\u00bfQu\u00e9 tecnolog\u00edas utilizamos?<\/strong><\/p>\n<p>En concreto, este servicio online utiliza cookies y otros dispositivos similares con las siguientes finalidades:<\/p>\n<table>\n<tbody>\n<tr>\n<td width=\"145\">\n<p><strong>Finalidad<\/strong><\/p>\n<\/td>\n<td width=\"152\">\n<p><strong>Persistencia<\/strong><\/p>\n<\/td>\n<td width=\"142\">\n<p><strong>Origen\/Proveedor<\/strong><\/p>\n<\/td>\n<td width=\"127\">\n<p><strong>M\u00e1s info<\/strong><\/p>\n<\/td>\n<\/tr>\n<tr>\n<td width=\"145\">\n<p>_utma<\/p>\n<\/td>\n<td width=\"152\">\n<p>2 a\u00f1os<\/p>\n<\/td>\n<td width=\"142\">\n<p>arcanofdiandalucia.com<\/p>\n<\/td>\n<td width=\"127\">\n<p><a href=\"https:\/\/developers.google.com\/analytics\/devguides\/collection\/analyticsjs\/cookie-usage\">Link de Google<\/a> *<\/p>\n<\/td>\n<\/tr>\n<tr>\n<td width=\"145\">\n<p>_utmb (Google Analytics)<\/p>\n<\/td>\n<td width=\"152\">\n<p>Sesi\u00f3n<\/p>\n<\/td>\n<td width=\"142\">\n<p>arcanofdiandalucia.com<\/p>\n<\/td>\n<td width=\"127\">\n<p><a href=\"https:\/\/developers.google.com\/analytics\/devguides\/collection\/analyticsjs\/cookie-usage\">Link de Google<\/a> *<\/p>\n<\/td>\n<\/tr>\n<tr>\n<td width=\"145\">\n<p>_utmc (Google Analytics)<\/p>\n<\/td>\n<td width=\"152\">\n<p>Sesi\u00f3n<\/p>\n<\/td>\n<td width=\"142\">\n<p>arcanofdiandalucia.com<\/p>\n<\/td>\n<td width=\"127\">\n<p><a href=\"https:\/\/developers.google.com\/analytics\/devguides\/collection\/analyticsjs\/cookie-usage\">Link de Google<\/a> *<\/p>\n<\/td>\n<\/tr>\n<tr>\n<td width=\"145\">\n<p>_utmz (Google Analytics)<\/p>\n<\/td>\n<td width=\"152\">\n<p>6 meses<\/p>\n<\/td>\n<td width=\"142\">\n<p>arcanofdiandalucia.com<\/p>\n<\/td>\n<td width=\"127\">\n<p><a href=\"https:\/\/developers.google.com\/analytics\/devguides\/collection\/analyticsjs\/cookie-usage\">Link de Google<\/a> *<\/p>\n<\/td>\n<\/tr>\n<tr>\n<td width=\"145\">\n<p>PHPSESSID (requerida)<\/p>\n<\/td>\n<td width=\"152\">\n<p>Sesi\u00f3n<\/p>\n<\/td>\n<td width=\"142\">\n<p>arcanofdiandalucia.com<\/p>\n<\/td>\n<td width=\"127\">\n<p>N\/A<\/p>\n<\/td>\n<\/tr>\n<\/tbody>\n<\/table>\n<p><strong>&nbsp;<\/strong><\/p>\n<p><strong>(*) Proveedores no ubicados en la Uni\u00f3n Europea<\/strong><\/p>\n<p>La informaci\u00f3n obtenida a trav\u00e9s de estas cookies se almacena en servidores de los proveedores indicados, que se encuentran ubicados en pa\u00edses fuera de la Uni\u00f3n Europea, en general ubicados en Estados Unidos. No obstante, le informamos de que estos proveedores ofrecen garant\u00edas adecuadas de protecci\u00f3n de datos mediante su adhesi\u00f3n al Marco de Privacidad de Datos UE-EEUU que declara un nivel adecuado de protecci\u00f3n por la Comisi\u00f3n Europea o mediante la firma de las Cl\u00e1usulas Contractuales Tipo aprobadas por la Comisi\u00f3n Europea.<\/p>\n<p><\/p>\n<p><strong>\u00bfC\u00f3mo deshabilitar o eliminar las cookies? <\/strong><\/p>\n<p>Al acceder al servicio por primera vez, el usuario ver\u00e1 un aviso de cookies en el que se le informar\u00e1 de la forma en la que puede prestar o rechazar su consentimiento.<\/p>\n<p>En caso de que el usuario hubiese prestado su consentimiento, en cualquier momento podr\u00e1 deshabilitar o eliminar las cookies enunciadas a trav\u00e9s de la configuraci\u00f3n de las opciones del navegador utilizado en su dispositivo o terminal.<\/p>\n<p>No obstante, el usuario debe tener en cuenta que, si rechaza o borra las cookies, no podremos mantener sus preferencias y algunas caracter\u00edsticas no estar\u00e1n operativas, por lo que no podremos ofrecerle servicios personalizados y cada vez que vayan a utilizar el servicio figurar\u00e1 como un nuevo usuario al que se le solicitar\u00e1 su autorizaci\u00f3n para el uso de cookies.<\/p>\n<p>A continuaci\u00f3n, ofrecemos enlaces en los que el usuario encontrar\u00e1 informaci\u00f3n sobre c\u00f3mo desactivar las cookies y similares en los principales navegadores:<\/p>\n<ul>\n<li><a href=\"https:\/\/support.google.com\/chrome\/bin\/answer.py?hl=es&amp;answer=95647\">Configuraci\u00f3n de cookies para Google Chrome<\/a><\/li>\n<li><a href=\"https:\/\/support.mozilla.org\/es\/kb\/cookies-informacion-que-los-sitios-web-guardan-en-?redirectlocale=en-US&amp;redirectslug=Cookies\">Configuraci\u00f3n de cookies para Mozilla Firefox<\/a><\/li>\n<li><a href=\"https:\/\/support.microsoft.com\/es-es\/help\/278835\/how-to-delete-cookie-files-in-internet-explorer\">Configuraci\u00f3n de cookies para Internet Explorer<\/a><\/li>\n<li><a href=\"https:\/\/support.apple.com\/kb\/HT1677?viewlocale=es_ES\">Configuraci\u00f3n de cookies para Safari<\/a><\/li>\n<\/ul>\n<p><strong>&nbsp;<\/strong><\/p>\n<p><strong>\u00bfC\u00f3mo afecta el uso de cookies a la protecci\u00f3n de los datos personales del usuario?<\/strong><\/p>\n<p>La mayor\u00eda de las cookies recopilan informaci\u00f3n an\u00f3nima, que no permite obtener la identidad del usuario, si bien algunos de los c\u00f3digos que se incluyen sirven para singularizar o individualizar al navegador de su dispositivo utilizado, pudiendo ser de aplicaci\u00f3n la normativa en materia de protecci\u00f3n de datos personales. Por ello, le informamos de que la informaci\u00f3n que se obtiene por medio de las cookies ser\u00e1 tratada con las finalidades indicadas en la presente Pol\u00edtica de Cookies. Asimismo, est\u00e1 informaci\u00f3n tambi\u00e9n ser\u00e1 tratada por aquellas empresas que proveen cookies con la finalidad indicada en sus respectivas pol\u00edticas de privacidad.<\/p>\n<p>No obstante, teniendo en cuenta que estos c\u00f3digos no permiten la identificaci\u00f3n del Usuario, no ser\u00e1n aplicables los derechos de acceso, rectificaci\u00f3n, supresi\u00f3n, oposici\u00f3n, limitaci\u00f3n o portabilidad reconocidos en la normativa de protecci\u00f3n de datos, salvo que el Usuario sea capaz de aportar informaci\u00f3n adicional que permita vincular su identidad con los c\u00f3digos identificativos de sus cookies.<\/p>\n<p>En caso de considerar vulnerado su derecho a la protecci\u00f3n de datos, el usuario podr\u00e1 presentar una reclamaci\u00f3n ante la Agencia Espa\u00f1ola de Protecci\u00f3n de Datos (<a href=\"http:\/\/www.aepd.es\">www.aepd.es<\/a>).<\/p>\n<p><\/p>\n<p><strong>3. M\u00c1S INFORMACI\u00d3N<\/strong><\/p>\n<p>El usuario puede plantear cualquier consulta relacionada con el uso de cookies que no est\u00e9 contestada en esta Pol\u00edtica de Cookies a trav\u00e9s del correo electr\u00f3nico: <a href=\"mailto:protecciondedatos@arcanopartners.com\">protecciondedatos@arcanopartners.com<\/a><\/p>\n<div>\n<p><\/p>\n<\/div>\n<\/div>\t\t\t\t\t\t\t\t<\/div>\n\t\t\t\t\t<\/div>\n\t\t\t\t<\/div>\n\t\t\t\t<\/div>","protected":false},"excerpt":{"rendered":"<p>Aviso y Poli\u0301tica de Cookies AVISO \/ BANNER \/ POP-UP Aviso de Cookies ARCANO utiliza cookies propias y de terceros para permitir la navegaci\u00f3n y analizar nuestros servicios, as\u00ed como para fines anal\u00edticos de los datos de navegaci\u00f3n. Estos an\u00e1lisis pueden ser compartidos con terceros. Puedes aceptar todo el uso de las cookies pinchando en [&hellip;]<\/p>\n","protected":false},"author":3,"featured_media":0,"parent":0,"menu_order":0,"comment_status":"closed","ping_status":"closed","template":"","meta":{"footnotes":""},"class_list":["post-529","page","type-page","status-publish","hentry"],"_links":{"self":[{"href":"https:\/\/sud-arcano.com\/en\/wp-json\/wp\/v2\/pages\/529","targetHints":{"allow":["GET"]}}],"collection":[{"href":"https:\/\/sud-arcano.com\/en\/wp-json\/wp\/v2\/pages"}],"about":[{"href":"https:\/\/sud-arcano.com\/en\/wp-json\/wp\/v2\/types\/page"}],"author":[{"embeddable":true,"href":"https:\/\/sud-arcano.com\/en\/wp-json\/wp\/v2\/users\/3"}],"replies":[{"embeddable":true,"href":"https:\/\/sud-arcano.com\/en\/wp-json\/wp\/v2\/comments?post=529"}],"version-history":[{"count":10,"href":"https:\/\/sud-arcano.com\/en\/wp-json\/wp\/v2\/pages\/529\/revisions"}],"predecessor-version":[{"id":539,"href":"https:\/\/sud-arcano.com\/en\/wp-json\/wp\/v2\/pages\/529\/revisions\/539"}],"wp:attachment":[{"href":"https:\/\/sud-arcano.com\/en\/wp-json\/wp\/v2\/media?parent=529"}],"curies":[{"name":"wp","href":"https:\/\/api.w.org\/{rel}","templated":true}]}}