{"id":521,"date":"2025-09-11T14:29:11","date_gmt":"2025-09-11T12:29:11","guid":{"rendered":"https:\/\/sud-arcano.com\/?page_id=521"},"modified":"2025-09-11T14:35:40","modified_gmt":"2025-09-11T12:35:40","slug":"politica-de-privacidad","status":"publish","type":"page","link":"https:\/\/sud-arcano.com\/en\/politica-de-privacidad\/","title":{"rendered":"Privacy Policy"},"content":{"rendered":"<div data-elementor-type=\"wp-page\" data-elementor-id=\"521\" class=\"elementor elementor-521\" data-elementor-post-type=\"page\">\n\t\t\t\t<div class=\"elementor-element elementor-element-9832286 e-flex e-con-boxed e-con e-parent\" data-id=\"9832286\" data-element_type=\"container\" data-e-type=\"container\" data-settings=\"{&quot;background_background&quot;:&quot;classic&quot;}\">\n\t\t\t\t\t<div class=\"e-con-inner\">\n\t\t\t\t<div class=\"elementor-element elementor-element-cbcc248 elementor-widget elementor-widget-heading\" data-id=\"cbcc248\" data-element_type=\"widget\" data-e-type=\"widget\" data-widget_type=\"heading.default\">\n\t\t\t\t\t<h2 class=\"elementor-heading-title elementor-size-default\">pol\u00edtica de privacidad<\/h2>\t\t\t\t<\/div>\n\t\t\t\t<div class=\"elementor-element elementor-element-e1a4df6 elementor-widget__width-initial elementor-widget elementor-widget-text-editor\" data-id=\"e1a4df6\" data-element_type=\"widget\" data-e-type=\"widget\" data-widget_type=\"text-editor.default\">\n\t\t\t\t\t\t\t\t\t<p><strong style=\"background-color: transparent; font-family: -apple-system, BlinkMacSystemFont, 'Segoe UI', Roboto, 'Helvetica Neue', Arial, 'Noto Sans', sans-serif, 'Apple Color Emoji', 'Segoe UI Emoji', 'Segoe UI Symbol', 'Noto Color Emoji';\">1. RESPONSABLE DEL TRATAMIENTO<\/strong><\/p><div><p>Este sitio web es responsabilidad de ARCANO CAPITAL SGIIC, S.A.U., (en adelante, \u201cARCANO\u201d o \u201cla entidad\u201d) sociedad perteneciente al \u201cGrupo Arcano Partners\u201d, con domicilio social en C\/ JOS\u00c9 ORTEGA Y GASSET, 29 &#8211; 4\u00aa PLANTA, 28006, MADRID (provincia de MADRID) y con NIF A-84561919.\u00a0 La empresa consta inscrita en la Comisi\u00f3n Nacional del Mercado de Valores (\u201cCNMV\u201d) con fecha 6 de marzo de 2015 con el n\u00famero 240.<\/p><p>ARCANO tiene designado un Delegado de Protecci\u00f3n de Datos con el que puede contactar en la direcci\u00f3n: <a href=\"mailto:protecciondedatos@arcanopartners.com\">protecciondedatos@arcanopartners.com<\/a>.<\/p><p>\u00a0<\/p><p><strong style=\"background-color: transparent; font-family: -apple-system, BlinkMacSystemFont, 'Segoe UI', Roboto, 'Helvetica Neue', Arial, 'Noto Sans', sans-serif, 'Apple Color Emoji', 'Segoe UI Emoji', 'Segoe UI Symbol', 'Noto Color Emoji';\">2. MOTIVACI\u00d3N<\/strong><\/p><p>ARCANO respeta los derechos de privacidad de sus Usuarios y reconoce la importancia de la protecci\u00f3n de los datos personales que ARCANO recoge sobre sus Usuarios.<\/p><p>El objetivo de este documento es informar a los Usuarios del sitio web sobre los tratamientos de datos personales que se realizan en este sitio web.<\/p><p>\u00a0<\/p><p><strong style=\"background-color: transparent; font-family: -apple-system, BlinkMacSystemFont, 'Segoe UI', Roboto, 'Helvetica Neue', Arial, 'Noto Sans', sans-serif, 'Apple Color Emoji', 'Segoe UI Emoji', 'Segoe UI Symbol', 'Noto Color Emoji';\">3. DATOS QUE SE RECOGEN<\/strong><\/p><p>Con car\u00e1cter general, ARCANO recoge datos de los Usuarios del sitio web a trav\u00e9s de dos v\u00edas:<\/p><ul><li><u>Direcci\u00f3n IP<\/u>. La direcci\u00f3n IP es un c\u00f3digo que identifica la conexi\u00f3n a internet del Usuario en un momento concreto. Solo el proveedor de acceso a internet del Usuario puede identificar al abonado que ten\u00eda asignada una direcci\u00f3n IP en un momento concreto.<\/li><\/ul><div>\u00a0<\/div><p>Por la propia naturaleza del servidor que da soporte a este sitio web, la direcci\u00f3n IP del Usuario queda registrada autom\u00e1ticamente junto con la fecha y la hora del acceso.<\/p><ul><li><u>Cookies y similares<\/u>. Son ficheros que se descargan al navegador del Usuario y que pueden ser le\u00eddos posteriormente por el sitio web. De esta forma, las cookies permiten diversas funcionalidades, como, por ejemplo, reconocer a un Usuario que ya ha accedido al sitio web anteriormente y poder hacer an\u00e1lisis sobre el uso del sitio web que permitan mejorarlo.<\/li><\/ul><div>\u00a0<\/div><p>No obstante, no es posible averiguar la identidad del Usuario con estos datos, salvo que este proporcionase informaci\u00f3n adicional a trav\u00e9s de otros medios y estos pudiesen vincularse con su direcci\u00f3n IP o con las cookies que tiene descargadas.<\/p><p>\u00a0<\/p><p>\u00a0<\/p><p><strong style=\"background-color: transparent; font-family: -apple-system, BlinkMacSystemFont, 'Segoe UI', Roboto, 'Helvetica Neue', Arial, 'Noto Sans', sans-serif, 'Apple Color Emoji', 'Segoe UI Emoji', 'Segoe UI Symbol', 'Noto Color Emoji';\">4. FINALIDAD DEL TRATAMIENTO<\/strong><\/p><p>Estos datos se utilizan \u00fanicamente para gestionar el uso normal del sitio web y realizar an\u00e1lisis estad\u00edsticos sobre el uso del sitio web.<\/p><p>\u00a0<\/p><strong style=\"background-color: transparent; font-family: -apple-system, BlinkMacSystemFont, 'Segoe UI', Roboto, 'Helvetica Neue', Arial, 'Noto Sans', sans-serif, 'Apple Color Emoji', 'Segoe UI Emoji', 'Segoe UI Symbol', 'Noto Color Emoji';\">5. BASE JUR\u00cdDICA<\/strong><br \/><p>El tratamiento de la direcci\u00f3n IP es t\u00e9cnicamente necesario para posibilitar la conexi\u00f3n con el sitio web a trav\u00e9s de Internet.<\/p><p>El tratamiento de datos derivado del uso de cookies, se realiza conforme el consentimiento otorgado por el Usuario al acceder al sitio web para aquellas cookies que as\u00ed lo requieran.<\/p><p>\u00a0<\/p><strong style=\"background-color: transparent; font-family: -apple-system, BlinkMacSystemFont, 'Segoe UI', Roboto, 'Helvetica Neue', Arial, 'Noto Sans', sans-serif, 'Apple Color Emoji', 'Segoe UI Emoji', 'Segoe UI Symbol', 'Noto Color Emoji';\">6. DESTINATARIOS DE LA INFORMACI\u00d3N<\/strong><br \/><p>ARCANO no facilita esta informaci\u00f3n a ning\u00fan tercero, salvo que est\u00e9 obligado a ello por la legislaci\u00f3n vigente (por ejemplo, una solicitud oficial en el marco de una investigaci\u00f3n policial) o se trate de proveedores que prestan servicios a ARCANO para el mantenimiento y gesti\u00f3n de este sitio web.<\/p><p>\u00a0<\/p><strong style=\"background-color: transparent; font-family: -apple-system, BlinkMacSystemFont, 'Segoe UI', Roboto, 'Helvetica Neue', Arial, 'Noto Sans', sans-serif, 'Apple Color Emoji', 'Segoe UI Emoji', 'Segoe UI Symbol', 'Noto Color Emoji';\">7. TRATAMIENTO DE DATOS FUERA DE LA UNI\u00d3N EUROPEA<\/strong><br \/><p>La informaci\u00f3n obtenida a trav\u00e9s de las cookies se puede almacenar en los servidores de empresas ubicadas fuera del Espacio Econ\u00f3mico Europeo, por lo tanto, sus datos pueden ser transferidos fuera de \u00e9ste. No obstante, le informamos que estas entidades ofrecen garant\u00edas adecuadas de protecci\u00f3n de datos mediante su adhesi\u00f3n al Marco de Privacidad de Datos UE-EE.UU. que declara un nivel adecuado de protecci\u00f3n por la Comisi\u00f3n Europea o mediante la firma de las Cl\u00e1usulas Contractuales Tipo aprobadas por la Comisi\u00f3n Europea.<\/p><p>El usuario en el momento de consentir el uso de estas cookies consiente tambi\u00e9n la transferencia internacional a Google en Estados Unidos, tal y como se informa en la <u>Pol\u00edtica de Cookies.<\/u><\/p><p><u>\u00a0<\/u><\/p><strong style=\"background-color: transparent; font-family: -apple-system, BlinkMacSystemFont, 'Segoe UI', Roboto, 'Helvetica Neue', Arial, 'Noto Sans', sans-serif, 'Apple Color Emoji', 'Segoe UI Emoji', 'Segoe UI Symbol', 'Noto Color Emoji';\">8. PLAZO DE CONSERVACI\u00d3N<\/strong><br \/><p>Las direcciones IP ser\u00e1n conservadas durante un plazo de 1 mes.<\/p><p>La informaci\u00f3n de las cookies ser\u00e1 conservada durante un plazo m\u00e1ximo de 2 a\u00f1os.<\/p><p>\u00a0<\/p><strong style=\"background-color: transparent; font-family: -apple-system, BlinkMacSystemFont, 'Segoe UI', Roboto, 'Helvetica Neue', Arial, 'Noto Sans', sans-serif, 'Apple Color Emoji', 'Segoe UI Emoji', 'Segoe UI Symbol', 'Noto Color Emoji';\">9. DERECHOS<\/strong><br \/><p>La normativa de protecci\u00f3n de datos garantiza a los Usuarios los siguientes derechos:<\/p><ul><li><u>Acceso<\/u>: Permite al Usuario conocer qu\u00e9 informaci\u00f3n se tiene, de d\u00f3nde se ha obtenido, a qui\u00e9n se ha facilitado y con qu\u00e9 usos se ha tratado.<\/li><li><u>Rectificaci\u00f3n<\/u>: Permite al Usuario rectificar alg\u00fan dato err\u00f3neo o desactualizado.<\/li><li><u>Supresi\u00f3n<\/u>: Permite al Usuario conseguir que se dejen de tratar sus datos.<\/li><li><u>Oposici\u00f3n<\/u>: Permite al Usuario conseguir que se dejen de utilizar sus datos con una finalidad concreta.<\/li><li><u>Limitaci\u00f3n<\/u>: Permite al Usuario restringir el tratamiento de sus datos, pero de forma que sean conservados para alguna finalidad posterior.<\/li><li><u>Portabilidad<\/u>: Permite al Usuario obtener una copia de sus datos en formato electr\u00f3nico y, en determinadas circunstancias, solicitar que sean comunicados a otro prestador de servicios. S\u00f3lo es aplicable para tratamientos informatizados realizados con el consentimiento del Usuario o para el cumplimiento de un contrato.<\/li><li><u>Revocaci\u00f3n del consentimiento<\/u>: Permite al Usuario retirar el consentimiento que, en su caso, haya prestado para el tratamiento de sus datos.<\/li><\/ul><div>\u00a0<\/div><p>Sin embargo, para ejercer estos derechos, es necesario poder vincular los datos tratados por ARCANO con la identidad del Usuario que los solicita.<\/p><p>En principio, ARCANO no puede establecer este v\u00ednculo con ninguno de los datos que trata, salvo que el Usuario pudiese aportar cierta documentaci\u00f3n que permita su identificaci\u00f3n (por ejemplo, un certificado de su proveedor de acceso a Internet que indique la direcci\u00f3n IP que el Usuario ten\u00eda asignada en una fecha y una hora concretas).<\/p><p>Se informa a los Usuarios de que pueden ejercitar los mencionados derechos ante ARCANO, as\u00ed como revocar su consentimiento para los tratamientos que lo hubiera prestado, por correo electr\u00f3nico a <a href=\"mailto:protecciondedatos@arcanopartners.com\">protecciondedatos@arcanopartners.com<\/a><\/p><p>Si los Usuarios desean m\u00e1s informaci\u00f3n al respecto o consideran vulnerado su derecho a la protecci\u00f3n de datos, podr\u00e1n ponerse en contacto con la Agencia Espa\u00f1ola de Protecci\u00f3n de Datos (<a href=\"http:\/\/www.aepd.es\">www.aepd.es<\/a>) o ante el Delegado de Protecci\u00f3n de Datos de ARCANO: <a href=\"mailto:protecciondedatos@arcanopartners.com\">protecciondedatos@arcanopartners.com<\/a>.<\/p><p>\u00a0<\/p><\/div><div><p><!-- \/wp:paragraph --><\/p><\/div>\t\t\t\t\t\t\t\t<\/div>\n\t\t\t\t\t<\/div>\n\t\t\t\t<\/div>\n\t\t\t\t<\/div>","protected":false},"excerpt":{"rendered":"<p>pol\u00edtica de privacidad 1. RESPONSABLE DEL TRATAMIENTO Este sitio web es responsabilidad de ARCANO CAPITAL SGIIC, S.A.U., (en adelante, \u201cARCANO\u201d o \u201cla entidad\u201d) sociedad perteneciente al \u201cGrupo Arcano Partners\u201d, con domicilio social en C\/ JOS\u00c9 ORTEGA Y GASSET, 29 &#8211; 4\u00aa PLANTA, 28006, MADRID (provincia de MADRID) y con NIF A-84561919.\u00a0 La empresa consta inscrita [&hellip;]<\/p>\n","protected":false},"author":3,"featured_media":0,"parent":0,"menu_order":0,"comment_status":"closed","ping_status":"closed","template":"elementor_header_footer","meta":{"footnotes":""},"class_list":["post-521","page","type-page","status-publish","hentry"],"_links":{"self":[{"href":"https:\/\/sud-arcano.com\/en\/wp-json\/wp\/v2\/pages\/521","targetHints":{"allow":["GET"]}}],"collection":[{"href":"https:\/\/sud-arcano.com\/en\/wp-json\/wp\/v2\/pages"}],"about":[{"href":"https:\/\/sud-arcano.com\/en\/wp-json\/wp\/v2\/types\/page"}],"author":[{"embeddable":true,"href":"https:\/\/sud-arcano.com\/en\/wp-json\/wp\/v2\/users\/3"}],"replies":[{"embeddable":true,"href":"https:\/\/sud-arcano.com\/en\/wp-json\/wp\/v2\/comments?post=521"}],"version-history":[{"count":7,"href":"https:\/\/sud-arcano.com\/en\/wp-json\/wp\/v2\/pages\/521\/revisions"}],"predecessor-version":[{"id":528,"href":"https:\/\/sud-arcano.com\/en\/wp-json\/wp\/v2\/pages\/521\/revisions\/528"}],"wp:attachment":[{"href":"https:\/\/sud-arcano.com\/en\/wp-json\/wp\/v2\/media?parent=521"}],"curies":[{"name":"wp","href":"https:\/\/api.w.org\/{rel}","templated":true}]}}