{"id":509,"date":"2025-09-11T14:18:29","date_gmt":"2025-09-11T12:18:29","guid":{"rendered":"https:\/\/sud-arcano.com\/?page_id=509"},"modified":"2025-09-11T14:23:03","modified_gmt":"2025-09-11T12:23:03","slug":"aviso-legal","status":"publish","type":"page","link":"https:\/\/sud-arcano.com\/en\/aviso-legal\/","title":{"rendered":"Legal Notice"},"content":{"rendered":"<div data-elementor-type=\"wp-page\" data-elementor-id=\"509\" class=\"elementor elementor-509\" data-elementor-post-type=\"page\">\n\t\t\t\t<div class=\"elementor-element elementor-element-19c7c74 e-flex e-con-boxed e-con e-parent\" data-id=\"19c7c74\" data-element_type=\"container\" data-e-type=\"container\" data-settings=\"{&quot;background_background&quot;:&quot;classic&quot;}\">\n\t\t\t\t\t<div class=\"e-con-inner\">\n\t\t\t\t<div class=\"elementor-element elementor-element-3849c31 elementor-widget elementor-widget-heading\" data-id=\"3849c31\" data-element_type=\"widget\" data-e-type=\"widget\" data-widget_type=\"heading.default\">\n\t\t\t\t\t<h2 class=\"elementor-heading-title elementor-size-default\">AVISO LEGAL<\/h2>\t\t\t\t<\/div>\n\t\t\t\t<div class=\"elementor-element elementor-element-457804c elementor-widget__width-initial elementor-widget elementor-widget-text-editor\" data-id=\"457804c\" data-element_type=\"widget\" data-e-type=\"widget\" data-widget_type=\"text-editor.default\">\n\t\t\t\t\t\t\t\t\t<p><strong>1. Datos identificativos<\/strong><\/p><p>En cumplimiento del deber de informaci\u00f3n establecido en la Ley 34\/2002, de 11 de julio, de Servicios de la Sociedad de la Informaci\u00f3n y de comercio electr\u00f3nico (en adelante, \u201cLSSI\u201d), a continuaci\u00f3n, se facilitan los siguientes datos: la empresa titular de www.arcanofdiandalucia.com (en adelante, el \u201cSitio Web\u201d) es ARCANO CAPITAL SGIIC, S.A.U., (en adelante, \u201cARCANO\u201d o \u201cla entidad\u201d) sociedad perteneciente al \u201cGrupo Arcano Partners\u201d, con domicilio social en C\/ JOS\u00c9 ORTEGA Y GASSET, 29 &#8211; 4\u00aa PLANTA, 28006, MADRID (provincia de MADRID) y con NIF A-84561919.\u00a0 La empresa consta inscrita en la Comisi\u00f3n Nacional del Mercado de Valores (\u201cCNMV\u201d) con fecha 6 de marzo de 2015 con el n\u00famero 240.<\/p><p><strong>Datos de contacto: <\/strong><\/p><p>E-mail: <a href=\"mailto:sud@arcanopartners.com\"><span class=\"elementor-icon-list-text\">sud@arcanopartners.com<\/span><\/a><\/p><p><strong style=\"background-color: transparent; text-align: var(--text-align); font-family: -apple-system, BlinkMacSystemFont, 'Segoe UI', Roboto, 'Helvetica Neue', Arial, 'Noto Sans', sans-serif, 'Apple Color Emoji', 'Segoe UI Emoji', 'Segoe UI Symbol', 'Noto Color Emoji';\">2. Condiciones de utilizaci\u00f3n por parte del Usuario<\/strong><br \/><b><br \/><\/b><span style=\"font-family: -apple-system, BlinkMacSystemFont, 'Segoe UI', Roboto, 'Helvetica Neue', Arial, 'Noto Sans', sans-serif, 'Apple Color Emoji', 'Segoe UI Emoji', 'Segoe UI Symbol', 'Noto Color Emoji'; font-size: 1rem; text-align: var(--text-align); background-color: transparent;\">Toda persona que acceda a este sitio web asume la condici\u00f3n de Usuario, comprometi\u00e9ndose a no utilizar el Sitio Web ni la informaci\u00f3n contenida en el mismo para la realizaci\u00f3n de actividades contrarias a la Ley, a la moral o al orden p\u00fablico y, en general, a hacer un uso conforme a las condiciones establecidas por la entidad.<\/span><\/p><p>El Usuario se responsabiliza de las opiniones, contenidos y, en general, de todas las actividades que realice, no pudiendo responsabilizar a la entidad de los da\u00f1os y perjuicios que pudieran derivarse de dichas actividades ajenas a su voluntad y de las que sea efectivamente desconocedor<\/p><p>El Usuario se compromete a que, en los apartados en que sea necesario que se registre para poder acceder a los mismos, facilitar datos veraces, exactos y completos sobre su identidad. Adem\u00e1s, se compromete a mantener actualizados los datos personales que pudieran ser proporcionados a titular del dominio, por lo tanto, \u00fanico responsable de las falsedades o inexactitudes que realice.<\/p><p>Se informa que en caso de ser menor de edad deber\u00e1 obtener el permiso de sus padres, tutores o representantes legales para poder acceder a los servicios prestados. Arcano no se responsabiliza en el caso de que los datos sobre este tema sean inexactos o falsos.<\/p><p>El Sitio Web s\u00f3lo puede ser utilizado con prop\u00f3sitos legales. Por tanto, el Usuario se obliga a hacer un uso l\u00edcito y honrado del portal, a no utilizar los servicios del Sitio Web para la realizaci\u00f3n de actividades contrarias a la legislaci\u00f3n espa\u00f1ola, a la moral y al orden p\u00fablico, asumiendo por parte del Usuario todas las responsabilidades de da\u00f1os y perjuicios frente al titular del Sitio Web o terceros que pudieran derivarse de pr\u00e1cticas ilegales o no permitidas. Entre otras, y a t\u00edtulo enunciativo y no limitativo:<\/p><ul><li>Realizar sin previo consentimiento por parte del titular del Sitio Web cualquier manipulaci\u00f3n o alteraci\u00f3n de esta p\u00e1gina, no asumiendo el titular del Sitio Web ninguna responsabilidad que pudiera derivarse, de dicha manipulaci\u00f3n o alteraci\u00f3n por terceros.<\/li><li>Realizar cualquier acto que pueda da\u00f1ar, inutilizar, sobrecargar, o deteriorar el Portal y los servicios y\/o impedir el normal uso y utilizaci\u00f3n por parte de los Usuarios.<\/li><li>Introducir y\/o Utilizar programas de ordenador, datos, archivos defectuosos, virus, c\u00f3digo malicioso, equipos inform\u00e1ticos o de telecomunicaciones o cualquier otro, independientemente de su naturaleza\u00a0que pueda causar da\u00f1os en el Sitio Web, en cualquiera de los servicios, o en cualesquiera activos (f\u00edsicos o l\u00f3gicos) de los sistemas de informaci\u00f3n de titular del dominio.<\/li><li>Violar los derechos de terceros a la intimidad, la propia imagen, la protecci\u00f3n de datos al secreto en las comunicaciones,\u00a0a la propiedad intelectual e industrial.<\/li><li>Utilizar identidades falsas, suplantar la identidad de otros en la utilizaci\u00f3n del Portal o en la utilizaci\u00f3n de cualquiera de los servicios.<\/li><li>Reproducir, distribuir, modificar o copiar el contenido de esta p\u00e1gina, salvo que de disponga de la autorizaci\u00f3n del titular del dominio o est\u00e9 legalmente autorizado.<\/li><li>Transmitir a terceros no autorizados los nombres de Usuario y las claves de acceso.<\/li><\/ul><div>\u00a0<\/div><p><strong style=\"background-color: transparent; text-align: var(--text-align); font-family: -apple-system, BlinkMacSystemFont, 'Segoe UI', Roboto, 'Helvetica Neue', Arial, 'Noto Sans', sans-serif, 'Apple Color Emoji', 'Segoe UI Emoji', 'Segoe UI Symbol', 'Noto Color Emoji';\">3. Responsabilidad de Arcano<\/strong><\/p><p><span style=\"background-color: transparent; text-align: var(--text-align); font-family: -apple-system, BlinkMacSystemFont, 'Segoe UI', Roboto, 'Helvetica Neue', Arial, 'Noto Sans', sans-serif, 'Apple Color Emoji', 'Segoe UI Emoji', 'Segoe UI Symbol', 'Noto Color Emoji';\">La entidad no ser\u00e1 responsable de los posibles errores en el acceso al Sitio Web o de sus contenidos, pero har\u00e1 lo posible para que \u00e9stos no se produzcan.<\/span><br \/><span style=\"background-color: transparent; text-align: var(--text-align); font-family: -apple-system, BlinkMacSystemFont, 'Segoe UI', Roboto, 'Helvetica Neue', Arial, 'Noto Sans', sans-serif, 'Apple Color Emoji', 'Segoe UI Emoji', 'Segoe UI Symbol', 'Noto Color Emoji';\">La entidad se reserva el derecho, sin previo aviso, de suspender temporalmente la accesibilidad al Sitio Web en caso de que sea necesario realizar tareas de mantenimiento, reparaci\u00f3n o mejora.<\/span><span style=\"font-family: -apple-system, BlinkMacSystemFont, 'Segoe UI', Roboto, 'Helvetica Neue', Arial, 'Noto Sans', sans-serif, 'Apple Color Emoji', 'Segoe UI Emoji', 'Segoe UI Symbol', 'Noto Color Emoji'; font-size: 1rem;\">\u00a0<\/span><\/p><div><p><strong style=\"background-color: transparent; text-align: var(--text-align); font-family: -apple-system, BlinkMacSystemFont, 'Segoe UI', Roboto, 'Helvetica Neue', Arial, 'Noto Sans', sans-serif, 'Apple Color Emoji', 'Segoe UI Emoji', 'Segoe UI Symbol', 'Noto Color Emoji';\">4. Hiperv\u00ednculos<\/strong><\/p><p>El establecimiento de cualquier hiperv\u00ednculo desde una p\u00e1gina web a cualquiera de las p\u00e1ginas del Sitio Web de la entidad estar\u00e1 sujeto a las siguientes condiciones:<\/p><ul><li>No se permite la reproducci\u00f3n total o parcial de ninguno de los servicios del Sitio Web de la entidad.<\/li><li>No se establecer\u00e1n \u201cdeep links\u201d con las p\u00e1ginas del Sitio Web de la entidad, ni se crear\u00e1 un buscador o un entorno en relaci\u00f3n con las mismas.<\/li><li>La p\u00e1gina web en la que se establezca el hiperenlace no contendr\u00e1 ninguna marca, nombre comercial, r\u00f3tulo de establecimiento, denominaci\u00f3n, logotipo, eslogan u otros signos distintivos pertenecientes a la entidad.<\/li><li>En ning\u00fan caso la entidad ser\u00e1 responsable de los contenidos, informaciones, manifestaciones, opiniones o servicios facilitados al p\u00fablico en general de la p\u00e1gina web en la que se establezca el hiperv\u00ednculo a este Sitio Web.<\/li><li>Cualquier hiperv\u00ednculo se efectuar\u00e1 a la p\u00e1gina principal del Sitio Web.<\/li><\/ul><div>\u00a0<\/div><p>Los hiperv\u00ednculos en el Sitio Web han sido previamente acordados con los titulares de las p\u00e1ginas web enlazadas.<\/p><p>Arcano no responde de los enlaces (LINKS) a otras p\u00e1ginas web de terceros y su existencia no implica que Arcano apruebe o acepte sus contenidos y servicios. Estas otras p\u00e1ginas web no est\u00e1n controladas por Arcano. Si accede a otras p\u00e1ginas web utilizando los Links proporcionados, los operadores de dichos sitios web podr\u00e1n recoger su informaci\u00f3n personal.<\/p><p><strong style=\"background-color: transparent; text-align: var(--text-align); font-family: -apple-system, BlinkMacSystemFont, 'Segoe UI', Roboto, 'Helvetica Neue', Arial, 'Noto Sans', sans-serif, 'Apple Color Emoji', 'Segoe UI Emoji', 'Segoe UI Symbol', 'Noto Color Emoji';\">5. Exclusi\u00f3n de Garant\u00edas y Responsabilidad<\/strong><\/p><p>Con car\u00e1cter general, el titular del Sitio Web, excluye su responsabilidad por los da\u00f1os y perjuicios de cualquier naturaleza e \u00edndole que pudieran derivarse del uso del Sitio Web, as\u00ed como de los da\u00f1os y perjuicios derivados\u00a0 de la infracci\u00f3n de los derechos de propiedad Intelectual e Industrial por parte de los usuarios y\/o la falta de veracidad, exactitud,\u00a0 y actualidad de los contenidos, ni le podr\u00e1n ser exigidas responsabilidades por la interrupci\u00f3n del servicio, inadecuado funcionamiento o imposibilidad de acceso al servicio.<\/p><p>El titular del Sitio Web no ser\u00e1 responsable por los da\u00f1os y perjuicios causados por la presencia de virus o cualquier otro software lesivo que pueda producir alteraciones en el sistema inform\u00e1tico del Usuario.<\/p><p><strong style=\"background-color: transparent; text-align: var(--text-align); font-family: -apple-system, BlinkMacSystemFont, 'Segoe UI', Roboto, 'Helvetica Neue', Arial, 'Noto Sans', sans-serif, 'Apple Color Emoji', 'Segoe UI Emoji', 'Segoe UI Symbol', 'Noto Color Emoji';\">6. Propiedad Intelectual e Industrial<\/strong><\/p><p>Todos los contenidos del Sitio Web, incluyendo a t\u00edtulo enunciativo, pero no limitativo, su programaci\u00f3n, dise\u00f1os, logotipos, texto y\/o gr\u00e1ficos son propiedad de Arcano o en su caso dispone de licencia o autorizaci\u00f3n expresa por parte de los autores y est\u00e1n protegidos por la normativa nacional e internacional de propiedad intelectual e industrial, quedando reservados todos los derechos.<\/p><p>Los textos, dibujos gr\u00e1ficos, v\u00eddeos o soportes de audio que puedan encontrarse en este Sitio Web, ahora o en el futuro, son propiedad de la entidad, por lo que no est\u00e1 permitida su:<\/p><ul><li>Reproducci\u00f3n, distribuci\u00f3n o modificaci\u00f3n, a menos que se cuente con la autorizaci\u00f3n de la entidad o ello resulte legalmente permitido.<\/li><li>Cualquier vulneraci\u00f3n de los derechos de la entidad o de los leg\u00edtimos titulares de los mismos.<\/li><li>Utilizaci\u00f3n para cualquier tipo de fines comerciales o publicitarios distintos de los estrictamente permitidos.<\/li><li>Cualquier intento de obtener los contenidos del Sitio Web por cualquier medio distinto a los facilitados a los Usuarios, y a los habitualmente utilizados en el Sitio Web.<\/li><\/ul><div>\u00a0<\/div><p><strong style=\"background-color: transparent; font-family: -apple-system, BlinkMacSystemFont, 'Segoe UI', Roboto, 'Helvetica Neue', Arial, 'Noto Sans', sans-serif, 'Apple Color Emoji', 'Segoe UI Emoji', 'Segoe UI Symbol', 'Noto Color Emoji'; text-align: var(--text-align);\">7. Modificaciones<\/strong><\/p><p>Arcano se reserva el derecho de efectuar sin previo aviso las modificaciones que considere oportunas en su Sitio Web, pudiendo cambiar, suprimir o a\u00f1adir tanto los contenidos y servicios que se presten a trav\u00e9s del mismo, como la forma en la que \u00e9stos aparezcan presentados o localizados en su Sitio Web.<\/p><p><strong style=\"background-color: transparent; text-align: var(--text-align); font-family: -apple-system, BlinkMacSystemFont, 'Segoe UI', Roboto, 'Helvetica Neue', Arial, 'Noto Sans', sans-serif, 'Apple Color Emoji', 'Segoe UI Emoji', 'Segoe UI Symbol', 'Noto Color Emoji';\">8. Legislaci\u00f3n aplicable y jurisdicci\u00f3n.<\/strong><\/p><p>La relaci\u00f3n entre Arcano y el Usuario se regir\u00e1 en todo momento por lo dispuesto en la legislaci\u00f3n espa\u00f1ola y cualquier controversia se someter\u00e1 a <u>los<\/u> Juzgados y tribunales de Madrid.<\/p><p><strong style=\"background-color: transparent; text-align: var(--text-align); font-family: -apple-system, BlinkMacSystemFont, 'Segoe UI', Roboto, 'Helvetica Neue', Arial, 'Noto Sans', sans-serif, 'Apple Color Emoji', 'Segoe UI Emoji', 'Segoe UI Symbol', 'Noto Color Emoji';\">9. Vigencia de las condiciones de uso<\/strong><\/p><p>Arcano podr\u00e1 modificar en cualquier momento las condiciones aqu\u00ed determinadas, siendo debidamente publicadas como aqu\u00ed aparecen. La vigencia de las citadas condiciones depender\u00e1 en funci\u00f3n de su exposici\u00f3n y estar\u00e1n vigentes hasta que sean modificadas por otras debidamente publicadas.<\/p><p><!-- \/wp:paragraph --><\/p><\/div>\t\t\t\t\t\t\t\t<\/div>\n\t\t\t\t\t<\/div>\n\t\t\t\t<\/div>\n\t\t\t\t<\/div>","protected":false},"excerpt":{"rendered":"<p>AVISO LEGAL 1. Datos identificativos En cumplimiento del deber de informaci\u00f3n establecido en la Ley 34\/2002, de 11 de julio, de Servicios de la Sociedad de la Informaci\u00f3n y de comercio electr\u00f3nico (en adelante, \u201cLSSI\u201d), a continuaci\u00f3n, se facilitan los siguientes datos: la empresa titular de www.arcanofdiandalucia.com (en adelante, el \u201cSitio Web\u201d) es ARCANO CAPITAL [&hellip;]<\/p>\n","protected":false},"author":3,"featured_media":0,"parent":0,"menu_order":0,"comment_status":"closed","ping_status":"closed","template":"elementor_header_footer","meta":{"footnotes":""},"class_list":["post-509","page","type-page","status-publish","hentry"],"_links":{"self":[{"href":"https:\/\/sud-arcano.com\/en\/wp-json\/wp\/v2\/pages\/509","targetHints":{"allow":["GET"]}}],"collection":[{"href":"https:\/\/sud-arcano.com\/en\/wp-json\/wp\/v2\/pages"}],"about":[{"href":"https:\/\/sud-arcano.com\/en\/wp-json\/wp\/v2\/types\/page"}],"author":[{"embeddable":true,"href":"https:\/\/sud-arcano.com\/en\/wp-json\/wp\/v2\/users\/3"}],"replies":[{"embeddable":true,"href":"https:\/\/sud-arcano.com\/en\/wp-json\/wp\/v2\/comments?post=509"}],"version-history":[{"count":10,"href":"https:\/\/sud-arcano.com\/en\/wp-json\/wp\/v2\/pages\/509\/revisions"}],"predecessor-version":[{"id":520,"href":"https:\/\/sud-arcano.com\/en\/wp-json\/wp\/v2\/pages\/509\/revisions\/520"}],"wp:attachment":[{"href":"https:\/\/sud-arcano.com\/en\/wp-json\/wp\/v2\/media?parent=509"}],"curies":[{"name":"wp","href":"https:\/\/api.w.org\/{rel}","templated":true}]}}