{"id":19,"date":"2025-04-23T11:42:23","date_gmt":"2025-04-23T11:42:23","guid":{"rendered":"https:\/\/strange-archimedes.185-23-69-175.plesk.page\/?page_id=19"},"modified":"2025-10-03T14:15:53","modified_gmt":"2025-10-03T12:15:53","slug":"solicitud-de-fondos","status":"publish","type":"page","link":"https:\/\/sud-arcano.com\/en\/solicitud-de-fondos\/","title":{"rendered":"Request for funds"},"content":{"rendered":"\t\t<div data-elementor-type=\"wp-page\" data-elementor-id=\"19\" class=\"elementor elementor-19\" data-elementor-post-type=\"page\">\n\t\t\t\t<div class=\"elementor-element elementor-element-691672e e-flex e-con-boxed e-con e-parent\" data-id=\"691672e\" data-element_type=\"container\" data-e-type=\"container\" data-settings=\"{&quot;background_background&quot;:&quot;classic&quot;}\">\n\t\t\t\t\t<div class=\"e-con-inner\">\n\t\t\t\t<div class=\"elementor-element elementor-element-f25f31e elementor-widget elementor-widget-heading\" data-id=\"f25f31e\" data-element_type=\"widget\" data-e-type=\"widget\" data-widget_type=\"heading.default\">\n\t\t\t\t\t<h2 class=\"elementor-heading-title elementor-size-default\">SOLICITUD DE FONDOS<\/h2>\t\t\t\t<\/div>\n\t\t\t\t\t<\/div>\n\t\t\t\t<\/div>\n\t\t<div class=\"elementor-element elementor-element-61ced76 e-flex e-con-boxed e-con e-parent\" data-id=\"61ced76\" data-element_type=\"container\" data-e-type=\"container\" data-settings=\"{&quot;background_background&quot;:&quot;classic&quot;}\">\n\t\t\t\t\t<div class=\"e-con-inner\">\n\t\t<div class=\"elementor-element elementor-element-226f514 e-con-full e-flex e-con e-child\" data-id=\"226f514\" data-element_type=\"container\" data-e-type=\"container\" data-settings=\"{&quot;background_background&quot;:&quot;classic&quot;}\">\n\t\t\t\t<div class=\"elementor-element elementor-element-fd276bc elementor-widget-divider--view-line elementor-widget elementor-widget-divider\" data-id=\"fd276bc\" data-element_type=\"widget\" data-e-type=\"widget\" data-widget_type=\"divider.default\">\n\t\t\t\t\t\t\t<div class=\"elementor-divider\">\n\t\t\t<span class=\"elementor-divider-separator\">\n\t\t\t\t\t\t<\/span>\n\t\t<\/div>\n\t\t\t\t\t\t<\/div>\n\t\t\t\t<div class=\"elementor-element elementor-element-0a2dbea elementor-widget elementor-widget-text-editor\" data-id=\"0a2dbea\" data-element_type=\"widget\" data-e-type=\"widget\" data-widget_type=\"text-editor.default\">\n\t\t\t\t\t\t\t\t\t<p>Solicita tus fondos a trav\u00e9s de este formulario y estudiaremos tu propuesta.<\/p>\t\t\t\t\t\t\t\t<\/div>\n\t\t\t\t<\/div>\n\t\t\t\t\t<\/div>\n\t\t\t\t<\/div>\n\t\t<div class=\"elementor-element elementor-element-c27b1a6 e-flex e-con-boxed e-con e-parent\" data-id=\"c27b1a6\" data-element_type=\"container\" data-e-type=\"container\" data-settings=\"{&quot;background_background&quot;:&quot;classic&quot;}\">\n\t\t\t\t\t<div class=\"e-con-inner\">\n\t\t<div class=\"elementor-element elementor-element-adb2892 e-con-full e-flex e-con e-child\" data-id=\"adb2892\" data-element_type=\"container\" data-e-type=\"container\" data-settings=\"{&quot;background_background&quot;:&quot;classic&quot;}\">\n\t\t\t\t<div class=\"elementor-element elementor-element-7c68862 elementor-button-align-start elementor-widget__width-initial elementor-widget elementor-widget-form\" data-id=\"7c68862\" data-element_type=\"widget\" data-e-type=\"widget\" data-settings=\"{&quot;step_next_label&quot;:&quot;Siguiente&quot;,&quot;step_previous_label&quot;:&quot;Anterior&quot;,&quot;button_width&quot;:&quot;100&quot;,&quot;step_type&quot;:&quot;number_text&quot;,&quot;step_icon_shape&quot;:&quot;circle&quot;}\" data-widget_type=\"form.default\">\n\t\t\t\t\t\t\t<form class=\"elementor-form\" method=\"post\" name=\"Nuevo formulario\" aria-label=\"Nuevo formulario\">\n\t\t\t<input type=\"hidden\" name=\"post_id\" value=\"19\"\/>\n\t\t\t<input type=\"hidden\" name=\"form_id\" value=\"7c68862\"\/>\n\t\t\t<input type=\"hidden\" name=\"referer_title\" value=\"Solicitud de fondos\" \/>\n\n\t\t\t\t\t\t\t<input type=\"hidden\" name=\"queried_id\" value=\"19\"\/>\n\t\t\t\n\t\t\t<div class=\"elementor-form-fields-wrapper elementor-labels-above\">\n\t\t\t\t\t\t\t\t<div class=\"elementor-field-type-date elementor-field-group elementor-column elementor-field-group-name elementor-col-50\">\n\t\t\t\t\t\t\t\t\t\t\t\t<label for=\"form-field-name\" class=\"elementor-field-label\">\n\t\t\t\t\t\t\t\tFecha de solicitud:\t\t\t\t\t\t\t<\/label>\n\t\t\t\t\t\t\n\t\t<input type=\"date\" name=\"form_fields[name]\" id=\"form-field-name\" class=\"elementor-field elementor-size-lg  elementor-field-textual elementor-date-field\" pattern=\"[0-9]{4}-[0-9]{2}-[0-9]{2}\">\n\t\t\t\t\t\t<\/div>\n\t\t\t\t\t\t\t\t<div class=\"elementor-field-type-text elementor-field-group elementor-column elementor-field-group-field_aae1c02 elementor-col-50\">\n\t\t\t\t\t\t\t\t\t\t\t\t<label for=\"form-field-field_aae1c02\" class=\"elementor-field-label\">\n\t\t\t\t\t\t\t\tNombre y Apellidos:\t\t\t\t\t\t\t<\/label>\n\t\t\t\t\t\t\t\t\t\t\t\t\t\t<input size=\"1\" type=\"text\" name=\"form_fields[field_aae1c02]\" id=\"form-field-field_aae1c02\" class=\"elementor-field elementor-size-lg  elementor-field-textual\">\n\t\t\t\t\t\t\t\t\t\t\t<\/div>\n\t\t\t\t\t\t\t\t<div class=\"elementor-field-type-text elementor-field-group elementor-column elementor-field-group-field_41a8686 elementor-col-50\">\n\t\t\t\t\t\t\t\t\t\t\t\t<label for=\"form-field-field_41a8686\" class=\"elementor-field-label\">\n\t\t\t\t\t\t\t\tEmail:\t\t\t\t\t\t\t<\/label>\n\t\t\t\t\t\t\t\t\t\t\t\t\t\t<input size=\"1\" type=\"text\" name=\"form_fields[field_41a8686]\" id=\"form-field-field_41a8686\" class=\"elementor-field elementor-size-lg  elementor-field-textual\">\n\t\t\t\t\t\t\t\t\t\t\t<\/div>\n\t\t\t\t\t\t\t\t<div class=\"elementor-field-type-text elementor-field-group elementor-column elementor-field-group-email elementor-col-50 elementor-field-required\">\n\t\t\t\t\t\t\t\t\t\t\t\t<label for=\"form-field-email\" class=\"elementor-field-label\">\n\t\t\t\t\t\t\t\tNombre de la empresa \/ Nombre del proyecto:\t\t\t\t\t\t\t<\/label>\n\t\t\t\t\t\t\t\t\t\t\t\t\t\t<input size=\"1\" type=\"text\" name=\"form_fields[email]\" id=\"form-field-email\" class=\"elementor-field elementor-size-lg  elementor-field-textual\" required=\"required\">\n\t\t\t\t\t\t\t\t\t\t\t<\/div>\n\t\t\t\t\t\t\t\t<div class=\"elementor-field-type-text elementor-field-group elementor-column elementor-field-group-field_bea96fb elementor-col-50 elementor-field-required\">\n\t\t\t\t\t\t\t\t\t\t\t\t<label for=\"form-field-field_bea96fb\" class=\"elementor-field-label\">\n\t\t\t\t\t\t\t\tUbicaci\u00f3n del proyecto a financiar1:\t\t\t\t\t\t\t<\/label>\n\t\t\t\t\t\t\t\t\t\t\t\t\t\t<input size=\"1\" type=\"text\" name=\"form_fields[field_bea96fb]\" id=\"form-field-field_bea96fb\" class=\"elementor-field elementor-size-lg  elementor-field-textual\" required=\"required\">\n\t\t\t\t\t\t\t\t\t\t\t<\/div>\n\t\t\t\t\t\t\t\t<div class=\"elementor-field-type-select elementor-field-group elementor-column elementor-field-group-message elementor-col-50\">\n\t\t\t\t\t\t\t\t\t\t\t\t<label for=\"form-field-message\" class=\"elementor-field-label\">\n\t\t\t\t\t\t\t\t\u00c1rea de inversi\u00f3n en que se enmarca:\t\t\t\t\t\t\t<\/label>\n\t\t\t\t\t\t\t\t<div class=\"elementor-field elementor-select-wrapper remove-before \">\n\t\t\t<div class=\"select-caret-down-wrapper\">\n\t\t\t\t<svg aria-hidden=\"true\" class=\"e-font-icon-svg e-eicon-caret-down\" viewBox=\"0 0 571.4 571.4\" xmlns=\"http:\/\/www.w3.org\/2000\/svg\"><path d=\"M571 393Q571 407 561 418L311 668Q300 679 286 679T261 668L11 418Q0 407 0 393T11 368 36 357H536Q550 357 561 368T571 393Z\"><\/path><\/svg>\t\t\t<\/div>\n\t\t\t<select name=\"form_fields[message]\" id=\"form-field-message\" class=\"elementor-field-textual elementor-size-lg\">\n\t\t\t\t\t\t\t\t\t<option value=\"Vivienda Asequible o social en alquiler\">Vivienda Asequible o social en alquiler<\/option>\n\t\t\t\t\t\t\t\t\t<option value=\"Regeneraci\u00f3n Urbana\">Regeneraci\u00f3n Urbana<\/option>\n\t\t\t\t\t\t\t\t\t<option value=\"Turismo sostenible\">Turismo sostenible<\/option>\n\t\t\t\t\t\t\t<\/select>\n\t\t<\/div>\n\t\t\t\t\t\t<\/div>\n\t\t\t\t\t\t\t\t<div class=\"elementor-field-type-textarea elementor-field-group elementor-column elementor-field-group-field_a23e6fc elementor-col-100\">\n\t\t\t\t\t\t\t\t\t\t\t\t<label for=\"form-field-field_a23e6fc\" class=\"elementor-field-label\">\n\t\t\t\t\t\t\t\tBreve descripci\u00f3n del proyecto: \t\t\t\t\t\t\t<\/label>\n\t\t\t\t\t\t<textarea class=\"elementor-field-textual elementor-field  elementor-size-lg\" name=\"form_fields[field_a23e6fc]\" id=\"form-field-field_a23e6fc\" rows=\"4\"><\/textarea>\t\t\t\t<\/div>\n\t\t\t\t\t\t\t\t<div class=\"elementor-field-type-date elementor-field-group elementor-column elementor-field-group-field_b9d0e25 elementor-col-50\">\n\t\t\t\t\t\t\t\t\t\t\t\t<label for=\"form-field-field_b9d0e25\" class=\"elementor-field-label\">\n\t\t\t\t\t\t\t\tPlazo estimado de ejecuci\u00f3n del proyecto (confirmar en este apartado si la licencia necesaria para desarrollar proyecto est\u00e1 concedida; si respuesta anterior es negativa, fecha estimada concesi\u00f3n):\t\t\t\t\t\t\t<\/label>\n\t\t\t\t\t\t\n\t\t<input type=\"date\" name=\"form_fields[field_b9d0e25]\" id=\"form-field-field_b9d0e25\" class=\"elementor-field elementor-size-lg  elementor-field-textual elementor-date-field\" pattern=\"[0-9]{4}-[0-9]{2}-[0-9]{2}\">\n\t\t\t\t\t\t<\/div>\n\t\t\t\t\t\t\t\t<div class=\"elementor-field-type-text elementor-field-group elementor-column elementor-field-group-field_5174749 elementor-col-50\">\n\t\t\t\t\t\t\t\t\t\t\t\t<label for=\"form-field-field_5174749\" class=\"elementor-field-label\">\n\t\t\t\t\t\t\t\tImporte estimado de inversi\u00f3n total en proyecto \/ de lo que invertido hasta la fecha de solicitud, as\u00ed como grado de ejecuci\u00f3n porcentual del proyecto:\t\t\t\t\t\t\t<\/label>\n\t\t\t\t\t\t\t\t\t\t\t\t\t\t<input size=\"1\" type=\"text\" name=\"form_fields[field_5174749]\" id=\"form-field-field_5174749\" class=\"elementor-field elementor-size-lg  elementor-field-textual\">\n\t\t\t\t\t\t\t\t\t\t\t<\/div>\n\t\t\t\t\t\t\t\t<div class=\"elementor-field-type-select elementor-field-group elementor-column elementor-field-group-field_6dd1e70 elementor-col-50\">\n\t\t\t\t\t\t\t\t\t\t\t\t<label for=\"form-field-field_6dd1e70\" class=\"elementor-field-label\">\n\t\t\t\t\t\t\t\tInstrumento de Inversi\u00f3n requerido de SUD e importe aproximado:\t\t\t\t\t\t\t<\/label>\n\t\t\t\t\t\t\t\t<div class=\"elementor-field elementor-select-wrapper remove-before \">\n\t\t\t<div class=\"select-caret-down-wrapper\">\n\t\t\t\t<svg aria-hidden=\"true\" class=\"e-font-icon-svg e-eicon-caret-down\" viewBox=\"0 0 571.4 571.4\" xmlns=\"http:\/\/www.w3.org\/2000\/svg\"><path d=\"M571 393Q571 407 561 418L311 668Q300 679 286 679T261 668L11 418Q0 407 0 393T11 368 36 357H536Q550 357 561 368T571 393Z\"><\/path><\/svg>\t\t\t<\/div>\n\t\t\t<select name=\"form_fields[field_6dd1e70]\" id=\"form-field-field_6dd1e70\" class=\"elementor-field-textual elementor-size-lg\">\n\t\t\t\t\t\t\t\t\t<option value=\"Equity\">Equity<\/option>\n\t\t\t\t\t\t\t\t\t<option value=\"Deuda\">Deuda<\/option>\n\t\t\t\t\t\t\t\t\t<option value=\"Quasi-equity\">Quasi-equity<\/option>\n\t\t\t\t\t\t\t<\/select>\n\t\t<\/div>\n\t\t\t\t\t\t<\/div>\n\t\t\t\t\t\t\t\t<div class=\"elementor-field-type-text elementor-field-group elementor-column elementor-field-group-field_d9e67ff elementor-col-50\">\n\t\t\t\t\t\t\t\t\t\t\t\t<label for=\"form-field-field_d9e67ff\" class=\"elementor-field-label\">\n\t\t\t\t\t\t\t\tOrigen de resto de fondos y recursos financieros necesarios para la completa ejecuci\u00f3n del proyecto:\t\t\t\t\t\t\t<\/label>\n\t\t\t\t\t\t\t\t\t\t\t\t\t\t<input size=\"1\" type=\"text\" name=\"form_fields[field_d9e67ff]\" id=\"form-field-field_d9e67ff\" class=\"elementor-field elementor-size-lg  elementor-field-textual\">\n\t\t\t\t\t\t\t\t\t\t\t<\/div>\n\t\t\t\t\t\t\t\t<div class=\"elementor-field-type-text elementor-field-group elementor-column elementor-field-group-field_dbc1a49 elementor-col-100\">\n\t\t\t\t\t\t\t\t\t\t\t\t<label for=\"form-field-field_dbc1a49\" class=\"elementor-field-label\">\n\t\t\t\t\t\t\t\tConfirmar si se ha solicitado o se prev\u00e9 solicitar cualquier ayuda, subvenci\u00f3n o financiaci\u00f3n de fondos de origen p\u00fablico2 (breve descripci\u00f3n e importe en caso de respuesta afirmativa):\t\t\t\t\t\t\t<\/label>\n\t\t\t\t\t\t\t\t\t\t\t\t\t\t<input size=\"1\" type=\"text\" name=\"form_fields[field_dbc1a49]\" id=\"form-field-field_dbc1a49\" class=\"elementor-field elementor-size-lg  elementor-field-textual\">\n\t\t\t\t\t\t\t\t\t\t\t<\/div>\n\t\t\t\t\t\t\t\t<div class=\"elementor-field-type-text elementor-field-group elementor-column elementor-field-group-field_71dc948 elementor-col-100\">\n\t\t\t\t\t\t\t\t\t\t\t\t<label for=\"form-field-field_71dc948\" class=\"elementor-field-label\">\n\t\t\t\t\t\t\t\tValoraci\u00f3n preliminar del impacto econ\u00f3mico y social de la intervenci\u00f3n en la zona, incluyendo entre otros, n\u00famero de empleos generados durante ejecuci\u00f3n del proyecto y a la entrada en funcionamiento\/explotaci\u00f3n, distinguiendo si es posible, entre directos e indirectos, otros impactos en la econom\u00eda local, etc.:\t\t\t\t\t\t\t<\/label>\n\t\t\t\t\t\t\t\t\t\t\t\t\t\t<input size=\"1\" type=\"text\" name=\"form_fields[field_71dc948]\" id=\"form-field-field_71dc948\" class=\"elementor-field elementor-size-lg  elementor-field-textual\">\n\t\t\t\t\t\t\t\t\t\t\t<\/div>\n\t\t\t\t\t\t\t\t<div class=\"elementor-field-type-select elementor-field-group elementor-column elementor-field-group-field_33dc4d3 elementor-col-100\">\n\t\t\t\t\t\t\t\t\t\t\t\t<label for=\"form-field-field_33dc4d3\" class=\"elementor-field-label\">\n\t\t\t\t\t\t\t\tValoraci\u00f3n preliminar del cumplimiento del principio DNSH (Do Not Significant Harm)3:\t\t\t\t\t\t\t<\/label>\n\t\t\t\t\t\t\t\t<div class=\"elementor-field elementor-select-wrapper remove-before \">\n\t\t\t<div class=\"select-caret-down-wrapper\">\n\t\t\t\t<svg aria-hidden=\"true\" class=\"e-font-icon-svg e-eicon-caret-down\" viewBox=\"0 0 571.4 571.4\" xmlns=\"http:\/\/www.w3.org\/2000\/svg\"><path d=\"M571 393Q571 407 561 418L311 668Q300 679 286 679T261 668L11 418Q0 407 0 393T11 368 36 357H536Q550 357 561 368T571 393Z\"><\/path><\/svg>\t\t\t<\/div>\n\t\t\t<select name=\"form_fields[field_33dc4d3]\" id=\"form-field-field_33dc4d3\" class=\"elementor-field-textual elementor-size-lg\">\n\t\t\t\t\t\t\t\t\t<option value=\"\u00bfEl proyecto implica un impacto ambiental?\">\u00bfEl proyecto implica un impacto ambiental?<\/option>\n\t\t\t\t\t\t\t\t\t<option value=\"\u00bfSe valora como necesario realizar un informe de impacto ambiental?\">\u00bfSe valora como necesario realizar un informe de impacto ambiental?<\/option>\n\t\t\t\t\t\t\t\t\t<option value=\"Valoraci\u00f3n preliminar sobre cumplimiento del principio DNSH y causas\">Valoraci\u00f3n preliminar sobre cumplimiento del principio DNSH y causas<\/option>\n\t\t\t\t\t\t\t<\/select>\n\t\t<\/div>\n\t\t\t\t\t\t<\/div>\n\t\t\t\t\t\t\t\t<div class=\"elementor-field-type-text elementor-field-group elementor-column elementor-field-group-field_d3f2d72 elementor-col-100\">\n\t\t\t\t\t\t\t\t\t\t\t\t<label for=\"form-field-field_d3f2d72\" class=\"elementor-field-label\">\n\t\t\t\t\t\t\t\tValoraci\u00f3n preliminar del etiquetado clim\u00e1tico: \u00bfEn qu\u00e9 categor\u00eda de la Regulaci\u00f3n (EU) 2021\/241 Anexo VI (Metodolog\u00eda de seguimiento para la acci\u00f3n por el clima) del Parlamento Europeo incluir\u00edas el proyecto? (pagina 47-55 del link) \u2013 Especificar por favor c\u00f3digo y campo de intervenci\u00f3n.\t\t\t\t\t\t\t<\/label>\n\t\t\t\t\t\t\t\t\t\t\t\t\t\t<input size=\"1\" type=\"text\" name=\"form_fields[field_d3f2d72]\" id=\"form-field-field_d3f2d72\" class=\"elementor-field elementor-size-lg  elementor-field-textual\">\n\t\t\t\t\t\t\t\t\t\t\t<\/div>\n\t\t\t\t\t\t\t\t<div class=\"elementor-field-type-text elementor-field-group elementor-column elementor-field-group-field_4a247c4 elementor-col-100\">\n\t\t\t\t\t\t\t\t\t\t\t\t<label for=\"form-field-field_4a247c4\" class=\"elementor-field-label\">\n\t\t\t\t\t\t\t\t\u00bfEs la sociedad destinatario de la inversi\u00f3n una PYME o una empresa de peque\u00f1a o mediana capitalizaci\u00f3n (menos de 3.000 empleados)?:\t\t\t\t\t\t\t<\/label>\n\t\t\t\t\t\t\t\t\t\t\t\t\t\t<input size=\"1\" type=\"text\" name=\"form_fields[field_4a247c4]\" id=\"form-field-field_4a247c4\" class=\"elementor-field elementor-size-lg  elementor-field-textual\">\n\t\t\t\t\t\t\t\t\t\t\t<\/div>\n\t\t\t\t\t\t\t\t<div class=\"elementor-field-type-text elementor-field-group elementor-column elementor-field-group-field_4c576e9 elementor-col-100\">\n\t\t\t\t\t\t\t\t\t\t\t\t<label for=\"form-field-field_4c576e9\" class=\"elementor-field-label\">\n\t\t\t\t\t\t\t\tNombres y porcentajes de propiedad de accionistas directos e indirectos que tengan m\u00e1s de 20% de la sociedad que desarrollar\u00e1 el proyecto: 3\t\t\t\t\t\t\t<\/label>\n\t\t\t\t\t\t\t\t\t\t\t\t\t\t<input size=\"1\" type=\"text\" name=\"form_fields[field_4c576e9]\" id=\"form-field-field_4c576e9\" class=\"elementor-field elementor-size-lg  elementor-field-textual\">\n\t\t\t\t\t\t\t\t\t\t\t<\/div>\n\t\t\t\t\t\t\t\t<div class=\"elementor-field-type-acceptance elementor-field-group elementor-column elementor-field-group-field_c422e03 elementor-col-100 elementor-field-required\">\n\t\t\t\t\t\t\t<div class=\"elementor-field-subgroup\">\n\t\t\t<span class=\"elementor-field-option\">\n\t\t\t\t<input type=\"checkbox\" name=\"form_fields[field_c422e03]\" id=\"form-field-field_c422e03\" class=\"elementor-field elementor-size-lg  elementor-acceptance-field\" required=\"required\">\n\t\t\t\t<label for=\"form-field-field_c422e03\">He le\u00eddo y acepto la pol\u00edtica de privacidad<\/label>\t\t\t<\/span>\n\t\t<\/div>\n\t\t\t\t\t\t<\/div>\n\t\t\t\t\t\t\t\t<div class=\"elementor-field-type-recaptcha_v3 elementor-field-group elementor-column elementor-field-group-field_b114b14 elementor-col-100 recaptcha_v3-bottomright\">\n\t\t\t\t\t<div class=\"elementor-field\" id=\"form-field-field_b114b14\"><div class=\"elementor-g-recaptcha\" data-sitekey=\"6LeF2NQrAAAAAL38cz1-VCjzSE-joKsqhPft61Bo\" data-type=\"v3\" data-action=\"Form\" data-badge=\"bottomright\" data-size=\"invisible\"><\/div><\/div>\t\t\t\t<\/div>\n\t\t\t\t\t\t\t\t<div class=\"elementor-field-group elementor-column elementor-field-type-submit elementor-col-100 e-form__buttons\">\n\t\t\t\t\t<button class=\"elementor-button elementor-size-sm\" type=\"submit\">\n\t\t\t\t\t\t<span class=\"elementor-button-content-wrapper\">\n\t\t\t\t\t\t\t\t\t\t\t\t\t\t\t\t\t\t\t\t\t\t<span class=\"elementor-button-text\">Enviar<\/span>\n\t\t\t\t\t\t\t\t\t\t\t\t\t<\/span>\n\t\t\t\t\t<\/button>\n\t\t\t\t<\/div>\n\t\t\t<\/div>\n\t\t<\/form>\n\t\t\t\t\t\t<\/div>\n\t\t\t\t<div class=\"elementor-element elementor-element-ead9f87 elementor-widget__width-initial elementor-widget elementor-widget-text-editor\" data-id=\"ead9f87\" data-element_type=\"widget\" data-e-type=\"widget\" data-widget_type=\"text-editor.default\">\n\t\t\t\t\t\t\t\t\t<em>Sus datos ser\u00e1n tratados por ARCANO CAPITAL SGIIC, S.A.U. (en adelante, ARCANO) para atender su solicitud de contacto, y en su caso, prestarle los servicios requeridos.\u00a0 Asimismo, y en el supuesto de que marque la casilla incluida en el formulario de contacto, sus datos personales ser\u00e1n utilizados para enviarle comunicaciones comerciales de ARCANO por cualquier medio, incluido el electr\u00f3nico. Podr\u00e1 ejercer sus derechos de acceso, rectificaci\u00f3n, supresi\u00f3n, oposici\u00f3n, limitaci\u00f3n, portabilidad o revocar su consentimiento, mediante correo postal a Calle Jos\u00e9 Ortega y Gasset, 29 &#8211; 4\u00aa planta, 28006, Madrid, Espa\u00f1a o por correo electr\u00f3nico a <\/em><a href=\"mailto:protecciondedatos@arcanopartners.com\"><em>protecciondedatos@arcanopartners.com<\/em><\/a><em>,<\/em><em> acreditando suficientemente su identidad y concretando su solicitud. <\/em>\n\n<em>Para m\u00e1s informaci\u00f3n sobre el tratamiento de sus datos, consulte nuestra <a href=\"\/politica-de-privacidad\/\"><u>pol\u00edtica de privacidad<\/u><\/a><\/em><em><u>.<\/u><\/em>\n\n<em>Al enviarnos su solicitud, usted consiente el tratamiento de sus datos personales.<\/em>\t\t\t\t\t\t\t\t<\/div>\n\t\t\t\t<\/div>\n\t\t\t\t\t<\/div>\n\t\t\t\t<\/div>\n\t\t\t\t<\/div>\n\t\t","protected":false},"excerpt":{"rendered":"<p>SOLICITUD DE FONDOS Solicita tus fondos a trav\u00e9s de este formulario y estudiaremos tu propuesta. Sus datos ser\u00e1n tratados por ARCANO CAPITAL SGIIC, S.A.U. (en adelante, ARCANO) para atender su solicitud de contacto, y en su caso, prestarle los servicios requeridos.\u00a0 Asimismo, y en el supuesto de que marque la casilla incluida en el formulario [&hellip;]<\/p>\n","protected":false},"author":3,"featured_media":0,"parent":0,"menu_order":0,"comment_status":"closed","ping_status":"closed","template":"elementor_header_footer","meta":{"footnotes":""},"class_list":["post-19","page","type-page","status-publish","hentry"],"_links":{"self":[{"href":"https:\/\/sud-arcano.com\/en\/wp-json\/wp\/v2\/pages\/19","targetHints":{"allow":["GET"]}}],"collection":[{"href":"https:\/\/sud-arcano.com\/en\/wp-json\/wp\/v2\/pages"}],"about":[{"href":"https:\/\/sud-arcano.com\/en\/wp-json\/wp\/v2\/types\/page"}],"author":[{"embeddable":true,"href":"https:\/\/sud-arcano.com\/en\/wp-json\/wp\/v2\/users\/3"}],"replies":[{"embeddable":true,"href":"https:\/\/sud-arcano.com\/en\/wp-json\/wp\/v2\/comments?post=19"}],"version-history":[{"count":47,"href":"https:\/\/sud-arcano.com\/en\/wp-json\/wp\/v2\/pages\/19\/revisions"}],"predecessor-version":[{"id":651,"href":"https:\/\/sud-arcano.com\/en\/wp-json\/wp\/v2\/pages\/19\/revisions\/651"}],"wp:attachment":[{"href":"https:\/\/sud-arcano.com\/en\/wp-json\/wp\/v2\/media?parent=19"}],"curies":[{"name":"wp","href":"https:\/\/api.w.org\/{rel}","templated":true}]}}